{"id":171,"date":"2023-05-16T15:31:14","date_gmt":"2023-05-16T15:31:14","guid":{"rendered":"http:\/\/erasmus.aemigueltorga.pt\/?page_id=171"},"modified":"2023-12-29T12:42:58","modified_gmt":"2023-12-29T11:42:58","slug":"2023-1-pt01-ka121-sch-000123571","status":"publish","type":"page","link":"http:\/\/erasmus.aemigueltorga.pt\/?page_id=171","title":{"rendered":"2023-1-PT01-KA121-SCH-000123571"},"content":{"rendered":"\n<p>Neste projeto, e de acordo com os objetivos definidos, planeamos efetuar as seguintes mobilidades de alunos e professores:<\/p>\n\n\n\n<ul class=\"wp-block-list\">\n<li>1 perito convidado na \u00e1rea da educa\u00e7\u00e3o inclusiva;<\/li>\n\n\n\n<li>6 cursos estruturados nas \u00e1reas da Intelig\u00eancia Artificial e metodologias centradas nos alunos;<\/li>\n\n\n\n<li>5 mobilidades para job shadowing;<\/li>\n\n\n\n<li>3 mobilidades de grupos de alunos: 8 alunos para Espanha (green travel), 8 para Fran\u00e7a e 12 para It\u00e1lia.<\/li>\n<\/ul>\n","protected":false},"excerpt":{"rendered":"<p>Neste projeto, e de acordo com os objetivos definidos, planeamos efetuar as seguintes mobilidades de alunos e professores:<\/p>\n","protected":false},"author":2,"featured_media":0,"parent":0,"menu_order":0,"comment_status":"closed","ping_status":"closed","template":"","meta":{"footnotes":""},"class_list":["post-171","page","type-page","status-publish","hentry"],"_links":{"self":[{"href":"http:\/\/erasmus.aemigueltorga.pt\/index.php?rest_route=\/wp\/v2\/pages\/171","targetHints":{"allow":["GET"]}}],"collection":[{"href":"http:\/\/erasmus.aemigueltorga.pt\/index.php?rest_route=\/wp\/v2\/pages"}],"about":[{"href":"http:\/\/erasmus.aemigueltorga.pt\/index.php?rest_route=\/wp\/v2\/types\/page"}],"author":[{"embeddable":true,"href":"http:\/\/erasmus.aemigueltorga.pt\/index.php?rest_route=\/wp\/v2\/users\/2"}],"replies":[{"embeddable":true,"href":"http:\/\/erasmus.aemigueltorga.pt\/index.php?rest_route=%2Fwp%2Fv2%2Fcomments&post=171"}],"version-history":[{"count":2,"href":"http:\/\/erasmus.aemigueltorga.pt\/index.php?rest_route=\/wp\/v2\/pages\/171\/revisions"}],"predecessor-version":[{"id":958,"href":"http:\/\/erasmus.aemigueltorga.pt\/index.php?rest_route=\/wp\/v2\/pages\/171\/revisions\/958"}],"wp:attachment":[{"href":"http:\/\/erasmus.aemigueltorga.pt\/index.php?rest_route=%2Fwp%2Fv2%2Fmedia&parent=171"}],"curies":[{"name":"wp","href":"https:\/\/api.w.org\/{rel}","templated":true}]}}