{"id":240,"date":"2023-05-18T14:56:29","date_gmt":"2023-05-18T14:56:29","guid":{"rendered":"http:\/\/erasmus.aemigueltorga.pt\/?page_id=240"},"modified":"2023-05-18T15:17:05","modified_gmt":"2023-05-18T15:17:05","slug":"eydp","status":"publish","type":"page","link":"http:\/\/erasmus.aemigueltorga.pt\/?page_id=240","title":{"rendered":"EYDP"},"content":{"rendered":"\n<p>O projeto Europeu intitulado&nbsp;<strong>EYDP&nbsp;&#8211; Early Years Digital Portfolio<\/strong>&nbsp;foi escrito e coordenado pelo Agrupamento de Escolas Miguel Torga em colabora\u00e7\u00e3o com a Pixel, que apoia a coordena\u00e7\u00e3o do projeto, e com o IPB, que coordena a sua \u00e1rea cient\u00edfica. O projeto foi financiado pelo Programa Erasmus+ parcerias para a coopera\u00e7\u00e3o em educa\u00e7\u00e3o escolar. O projeto EYDP tem como objetivo criar uma comunica\u00e7\u00e3o mais transparente e eficaz entre os educadores de inf\u00e2ncia e as fam\u00edlias com o prop\u00f3sito de documentar e avaliar o progresso de cada crian\u00e7a, tendo em conta uma vis\u00e3o hol\u00edstica&nbsp;do seu desenvolvimento e aprendizagem.<\/p>\n\n\n<div class=\"wp-block-image\">\n<figure class=\"aligncenter size-full is-resized\"><a href=\"https:\/\/eydigifolio.ipb.pt\/\" target=\"_blank\" rel=\"noreferrer noopener\"><img loading=\"lazy\" decoding=\"async\" src=\"http:\/\/erasmus.aemigueltorga.pt\/wp-content\/uploads\/2023\/05\/image.png\" alt=\"\" class=\"wp-image-249\" width=\"341\" height=\"399\"\/><\/a><\/figure>\n<\/div>","protected":false},"excerpt":{"rendered":"<p>O projeto Europeu intitulado&nbsp;EYDP&nbsp;&#8211; Early Years Digital Portfolio&nbsp;foi escrito e coordenado pelo Agrupamento de Escolas Miguel Torga em colabora\u00e7\u00e3o com a Pixel, que apoia a coordena\u00e7\u00e3o do projeto, e com o IPB, que coordena a sua \u00e1rea cient\u00edfica. O projeto &hellip; <a href=\"http:\/\/erasmus.aemigueltorga.pt\/?page_id=240\">Continuar a ler <span class=\"meta-nav\">&rarr;<\/span><\/a><\/p>\n","protected":false},"author":2,"featured_media":0,"parent":0,"menu_order":0,"comment_status":"closed","ping_status":"closed","template":"","meta":{"footnotes":""},"class_list":["post-240","page","type-page","status-publish","hentry"],"_links":{"self":[{"href":"http:\/\/erasmus.aemigueltorga.pt\/index.php?rest_route=\/wp\/v2\/pages\/240","targetHints":{"allow":["GET"]}}],"collection":[{"href":"http:\/\/erasmus.aemigueltorga.pt\/index.php?rest_route=\/wp\/v2\/pages"}],"about":[{"href":"http:\/\/erasmus.aemigueltorga.pt\/index.php?rest_route=\/wp\/v2\/types\/page"}],"author":[{"embeddable":true,"href":"http:\/\/erasmus.aemigueltorga.pt\/index.php?rest_route=\/wp\/v2\/users\/2"}],"replies":[{"embeddable":true,"href":"http:\/\/erasmus.aemigueltorga.pt\/index.php?rest_route=%2Fwp%2Fv2%2Fcomments&post=240"}],"version-history":[{"count":3,"href":"http:\/\/erasmus.aemigueltorga.pt\/index.php?rest_route=\/wp\/v2\/pages\/240\/revisions"}],"predecessor-version":[{"id":251,"href":"http:\/\/erasmus.aemigueltorga.pt\/index.php?rest_route=\/wp\/v2\/pages\/240\/revisions\/251"}],"wp:attachment":[{"href":"http:\/\/erasmus.aemigueltorga.pt\/index.php?rest_route=%2Fwp%2Fv2%2Fmedia&parent=240"}],"curies":[{"name":"wp","href":"https:\/\/api.w.org\/{rel}","templated":true}]}}