{"id":89,"date":"2023-05-15T09:23:03","date_gmt":"2023-05-15T09:23:03","guid":{"rendered":"http:\/\/erasmus.aemigueltorga.pt\/?page_id=89"},"modified":"2023-05-16T09:06:13","modified_gmt":"2023-05-16T09:06:13","slug":"english-language-for-teachers","status":"publish","type":"page","link":"http:\/\/erasmus.aemigueltorga.pt\/?page_id=89","title":{"rendered":"English Language For Teachers"},"content":{"rendered":"\n<p><strong>P\u00e1dua- It\u00e1lia,&nbsp; 4 a 9 de julho de 2022.<\/strong><\/p>\n\n\n\n<ul class=\"wp-block-list\">\n<li>ATIVIDADES:<\/li>\n<\/ul>\n\n\n\n<p><em>4\/07\/2022<\/em><\/p>\n\n\n\n<div class=\"wp-block-media-text alignwide is-stacked-on-mobile\"><figure class=\"wp-block-media-text__media\"><img loading=\"lazy\" decoding=\"async\" width=\"1024\" height=\"768\" src=\"http:\/\/erasmus.aemigueltorga.pt\/wp-content\/uploads\/2023\/05\/1.jpg\" alt=\"\" class=\"wp-image-100 size-full\" srcset=\"http:\/\/erasmus.aemigueltorga.pt\/wp-content\/uploads\/2023\/05\/1.jpg 1024w, http:\/\/erasmus.aemigueltorga.pt\/wp-content\/uploads\/2023\/05\/1-300x225.jpg 300w, http:\/\/erasmus.aemigueltorga.pt\/wp-content\/uploads\/2023\/05\/1-768x576.jpg 768w\" sizes=\"auto, (max-width: 1024px) 100vw, 1024px\" \/><\/figure><div class=\"wp-block-media-text__content\">\n<p>&#8211; Teste de conhecimentos de l\u00edngua;&nbsp;\u00b7<br>&#8211; Atividade quebra gelo: apresenta\u00e7\u00e3o dos participantes;&nbsp;\u00b7<br>&#8211; Ordena\u00e7\u00e3o de frases usando \u201cwith, be, can\u201d;&nbsp;\u00b7<br>&#8211; Exerc\u00edcios com \u201cdo:does\/ did;&nbsp;\u00b7<br>&#8211; Ordena\u00e7\u00e3o de palavras em frases na interrogativa atrav\u00e9s de informa\u00e7\u00e3o pessoal e da fam\u00edlia.<\/p>\n<\/div><\/div>\n\n\n\n<p><em>5\/07\/2022<\/em><\/p>\n\n\n\n<p>&nbsp;Vocabul\u00e1rio de sala de aula\/escola e linguagem usada em sala de aula;&nbsp;\u00b7<br>&nbsp;Adv\u00e9rbios e express\u00f5es de frequ\u00eancia.<\/p>\n\n\n<div class=\"wp-block-image\">\n<figure class=\"alignright size-full is-resized\"><img loading=\"lazy\" decoding=\"async\" src=\"http:\/\/erasmus.aemigueltorga.pt\/wp-content\/uploads\/2023\/05\/2.jpg\" alt=\"\" class=\"wp-image-104\" width=\"302\" height=\"402\" srcset=\"http:\/\/erasmus.aemigueltorga.pt\/wp-content\/uploads\/2023\/05\/2.jpg 768w, http:\/\/erasmus.aemigueltorga.pt\/wp-content\/uploads\/2023\/05\/2-225x300.jpg 225w\" sizes=\"auto, (max-width: 302px) 100vw, 302px\" \/><\/figure>\n<\/div>\n\n\n<p><em>6\/07\/2022<\/em><\/p>\n\n\n\n<p>Atividades com o Present Simple, adv\u00e9rbios e express\u00f5es de frequ\u00eancia;&nbsp;\u00b7<br>Verbos regulares e irregulares: Present Simple, Continuous e Past Simple;&nbsp;\u00b7<br>Atividades em grupo ( descri\u00e7\u00e3o de imagens e completamento de frases).<\/p>\n\n\n\n<p><em>7\/07\/2022<\/em><\/p>\n\n\n\n<p>\u201cTime sequencers\u201d Ordena\u00e7\u00e3o de frases e escolha do conector;&nbsp;\u00b7<br>&nbsp;Cria\u00e7\u00e3o de uma est\u00f3ria recorrendo a uma sequ\u00eancia de imagens de uma&nbsp;rotina di\u00e1ria;&nbsp;\u00b7<br>&nbsp;Vocabul\u00e1rio relacionado com educa\u00e7\u00e3o ( disciplinas, sistemas de ensino&nbsp;nos USA e UK).&nbsp;<br>&nbsp;Exemplo de um Phishing e- mail , interpreta\u00e7\u00e3o e corre\u00e7\u00e3o do mesmo.<\/p>\n\n\n\n<p><em>8\/07\/2022<\/em><\/p>\n\n\n<div class=\"wp-block-image\">\n<figure class=\"alignleft size-full is-resized\"><img loading=\"lazy\" decoding=\"async\" src=\"http:\/\/erasmus.aemigueltorga.pt\/wp-content\/uploads\/2023\/05\/3.jpg\" alt=\"\" class=\"wp-image-106\" width=\"368\" height=\"275\" srcset=\"http:\/\/erasmus.aemigueltorga.pt\/wp-content\/uploads\/2023\/05\/3.jpg 1024w, http:\/\/erasmus.aemigueltorga.pt\/wp-content\/uploads\/2023\/05\/3-300x225.jpg 300w, http:\/\/erasmus.aemigueltorga.pt\/wp-content\/uploads\/2023\/05\/3-768x576.jpg 768w\" sizes=\"auto, (max-width: 368px) 100vw, 368px\" \/><\/figure>\n<\/div>\n\n\n<p>O uso de Present Perfect: atividades de listening;&nbsp;\u00b7<br>Sess\u00e3o de reflex\u00e3o e avalia\u00e7\u00e3o;&nbsp;\u00b7<br>Entrega dos certificados de presen\u00e7a.<\/p>\n\n\n\n<p>9\/07\/2022<\/p>\n\n\n\n<p>&nbsp;Atividades de car\u00e1ter cultural na cidade de Veneza.<\/p>\n\n\n\n<p><\/p>\n\n\n\n<p><\/p>\n\n\n\n<p><\/p>\n","protected":false},"excerpt":{"rendered":"<p>P\u00e1dua- It\u00e1lia,&nbsp; 4 a 9 de julho de 2022. 4\/07\/2022 &#8211; Teste de conhecimentos de l\u00edngua;&nbsp;\u00b7&#8211; Atividade quebra gelo: apresenta\u00e7\u00e3o dos participantes;&nbsp;\u00b7&#8211; Ordena\u00e7\u00e3o de frases usando \u201cwith, be, can\u201d;&nbsp;\u00b7&#8211; Exerc\u00edcios com \u201cdo:does\/ did;&nbsp;\u00b7&#8211; Ordena\u00e7\u00e3o de palavras em frases na interrogativa &hellip; <a href=\"http:\/\/erasmus.aemigueltorga.pt\/?page_id=89\">Continuar a ler <span class=\"meta-nav\">&rarr;<\/span><\/a><\/p>\n","protected":false},"author":2,"featured_media":0,"parent":0,"menu_order":0,"comment_status":"closed","ping_status":"closed","template":"","meta":{"footnotes":""},"class_list":["post-89","page","type-page","status-publish","hentry"],"_links":{"self":[{"href":"http:\/\/erasmus.aemigueltorga.pt\/index.php?rest_route=\/wp\/v2\/pages\/89","targetHints":{"allow":["GET"]}}],"collection":[{"href":"http:\/\/erasmus.aemigueltorga.pt\/index.php?rest_route=\/wp\/v2\/pages"}],"about":[{"href":"http:\/\/erasmus.aemigueltorga.pt\/index.php?rest_route=\/wp\/v2\/types\/page"}],"author":[{"embeddable":true,"href":"http:\/\/erasmus.aemigueltorga.pt\/index.php?rest_route=\/wp\/v2\/users\/2"}],"replies":[{"embeddable":true,"href":"http:\/\/erasmus.aemigueltorga.pt\/index.php?rest_route=%2Fwp%2Fv2%2Fcomments&post=89"}],"version-history":[{"count":9,"href":"http:\/\/erasmus.aemigueltorga.pt\/index.php?rest_route=\/wp\/v2\/pages\/89\/revisions"}],"predecessor-version":[{"id":112,"href":"http:\/\/erasmus.aemigueltorga.pt\/index.php?rest_route=\/wp\/v2\/pages\/89\/revisions\/112"}],"wp:attachment":[{"href":"http:\/\/erasmus.aemigueltorga.pt\/index.php?rest_route=%2Fwp%2Fv2%2Fmedia&parent=89"}],"curies":[{"name":"wp","href":"https:\/\/api.w.org\/{rel}","templated":true}]}}