{"id":935,"date":"2023-12-29T12:16:04","date_gmt":"2023-12-29T11:16:04","guid":{"rendered":"http:\/\/erasmus.aemigueltorga.pt\/?page_id=935"},"modified":"2024-07-23T17:16:57","modified_gmt":"2024-07-23T16:16:57","slug":"cursos-estruturados1","status":"publish","type":"page","link":"http:\/\/erasmus.aemigueltorga.pt\/?page_id=935","title":{"rendered":"Cursos estruturados"},"content":{"rendered":"\n<p><strong>Curso: Innovative Approaches to Teaching &#8211;&nbsp; Praga &#8211; 10 a 14 de junho de 2024<\/strong><\/p>\n\n\n\n<p><strong>1\u00ba Dia &#8211; 10 de junho<\/strong><\/p>\n\n\n\n<ul class=\"wp-block-list\">\n<li>Apresenta\u00e7\u00e3o dos Participantes: jogos variados e criativos como forma de apresenta\u00e7\u00e3o, entre eles o jogo da joaninha para descoberta de interesses em comum;<\/li>\n\n\n\n<li>M\u00f3dulo Te\u00f3rico -skills s\u00e9culo 21: atividade utilizando um QR code, atrav\u00e9s de defini\u00e7\u00f5es atribuir um skill;<\/li>\n\n\n\n<li>Atividades que contribuem para o desenvolvimento do pensamento cr\u00edtico e criativo: tiras de papel escritas com exemplos de a\u00e7\u00f5es em que os participantes teriam que as ordenar por baixo do respetivo t\u00f3pico de pensamento critico ou pensamento criativo;<\/li>\n\n\n\n<li>Visita guiada pela cidade;<\/li>\n<\/ul>\n\n\n\n<p><strong>2\u00ba Dia &#8211; 11 de junho<\/strong><\/p>\n\n\n\n<ul class=\"wp-block-list\">\n<li>Defini\u00e7\u00e3o de criatividade e sua import\u00e2ncia no seculo 21. Exemplos de atividades de est\u00edmulo da mesma:<\/li>\n<\/ul>\n\n\n\n<p>&#8211; a partir da proje\u00e7\u00e3o da imagem de um objeto, levar os participantes a refletir acerca de poss\u00edveis utiliza\u00e7\u00f5es do mesmo;<\/p>\n\n\n\n<p>&#8211; a partir do desenho de 2 bolinhas lado a lado, criar imagens que as incluam.<\/p>\n\n\n\n<ul class=\"wp-block-list\">\n<li>A utiliza\u00e7\u00e3o de Tecnologias de Informa\u00e7\u00e3o e Comunica\u00e7\u00e3o como ferramenta para o desenvolvimento do pensamento criativo e cr\u00edtico &#8211; sites e atividades: \u00a0storytelling digital; Ludifica\u00e7\u00e3o\/ gamifica\u00e7\u00e3o &#8211; t\u00e9cnicas e din\u00e2micas de jogos em sala de aula;<\/li>\n\n\n\n<li>Atividades de educa\u00e7\u00e3o entre pares como estrat\u00e9gia de ensino colaborativo que potencializa a aprendizagem e dinamiza o ensino; Exemplos de como fazer grupos na turma;<\/li>\n<\/ul>\n\n\n\n<p><strong>3\u00ba Dia -12 de junho<\/strong><\/p>\n\n\n\n<ul class=\"wp-block-list\">\n<li>Ensino h\u00edbrido &#8211; dar aos alunos o que aprender e eles decidem quando e onde, utilizando ferramentas digitais;<\/li>\n\n\n\n<li>Aula invertida, Flipped classroom; Station rotation model;<\/li>\n\n\n\n<li>Ferramentas digitais como forma de avaliar.<\/li>\n<\/ul>\n\n\n\n<p><strong>4\u00ba Dia &#8211; 13 de junho<\/strong><\/p>\n\n\n\n<ul class=\"wp-block-list\">\n<li>Utiliza\u00e7\u00e3o de aplica\u00e7\u00f5es em sala de aula como ferramenta de aprendizagem;<\/li>\n\n\n\n<li>Ferramentas de Intelig\u00eancia Artificial para cria\u00e7\u00e3o de conte\u00fados para professores e alunos: Chat GTP; Prompt Engeneering; Alayna.us; mizou.com.<\/li>\n<\/ul>\n\n\n\n<p><strong>5\u00ba Dia &#8211; 14 de junho<\/strong><\/p>\n\n\n\n<ul class=\"wp-block-list\">\n<li>Atividades de inqu\u00e9rito e pesquisa como m\u00e9todo de aprendizagem<\/li>\n\n\n\n<li>Aprendizagem baseada em tarefas colaborativas: atividades de leitura e escrita; tarefas por esta\u00e7\u00f5es, atividades de questionamento.<\/li>\n<\/ul>\n\n\n\n<figure class=\"wp-block-gallery has-nested-images columns-default is-cropped wp-block-gallery-1 is-layout-flex wp-block-gallery-is-layout-flex\">\n<figure class=\"wp-block-image size-large\"><img loading=\"lazy\" decoding=\"async\" width=\"1024\" height=\"768\" data-id=\"1010\" src=\"http:\/\/erasmus.aemigueltorga.pt\/wp-content\/uploads\/2024\/07\/IMG_6421-3-1024x768.jpg\" alt=\"\" class=\"wp-image-1010\" srcset=\"http:\/\/erasmus.aemigueltorga.pt\/wp-content\/uploads\/2024\/07\/IMG_6421-3-1024x768.jpg 1024w, http:\/\/erasmus.aemigueltorga.pt\/wp-content\/uploads\/2024\/07\/IMG_6421-3-300x225.jpg 300w, http:\/\/erasmus.aemigueltorga.pt\/wp-content\/uploads\/2024\/07\/IMG_6421-3-768x576.jpg 768w, http:\/\/erasmus.aemigueltorga.pt\/wp-content\/uploads\/2024\/07\/IMG_6421-3-1536x1152.jpg 1536w, http:\/\/erasmus.aemigueltorga.pt\/wp-content\/uploads\/2024\/07\/IMG_6421-3-2048x1536.jpg 2048w\" sizes=\"auto, (max-width: 1024px) 100vw, 1024px\" \/><\/figure>\n\n\n\n<figure class=\"wp-block-image size-large\"><img loading=\"lazy\" decoding=\"async\" width=\"922\" height=\"683\" data-id=\"1009\" src=\"http:\/\/erasmus.aemigueltorga.pt\/wp-content\/uploads\/2024\/07\/IMG_20240723_163804-3.jpg\" alt=\"\" class=\"wp-image-1009\" srcset=\"http:\/\/erasmus.aemigueltorga.pt\/wp-content\/uploads\/2024\/07\/IMG_20240723_163804-3.jpg 922w, http:\/\/erasmus.aemigueltorga.pt\/wp-content\/uploads\/2024\/07\/IMG_20240723_163804-3-300x222.jpg 300w, http:\/\/erasmus.aemigueltorga.pt\/wp-content\/uploads\/2024\/07\/IMG_20240723_163804-3-768x569.jpg 768w\" sizes=\"auto, (max-width: 922px) 100vw, 922px\" \/><\/figure>\n\n\n\n<figure class=\"wp-block-image size-large\"><img loading=\"lazy\" decoding=\"async\" width=\"1024\" height=\"768\" data-id=\"1008\" src=\"http:\/\/erasmus.aemigueltorga.pt\/wp-content\/uploads\/2024\/07\/IMG-20240612-WA0005-4-1024x768.jpg\" alt=\"\" class=\"wp-image-1008\" srcset=\"http:\/\/erasmus.aemigueltorga.pt\/wp-content\/uploads\/2024\/07\/IMG-20240612-WA0005-4-1024x768.jpg 1024w, http:\/\/erasmus.aemigueltorga.pt\/wp-content\/uploads\/2024\/07\/IMG-20240612-WA0005-4-300x225.jpg 300w, http:\/\/erasmus.aemigueltorga.pt\/wp-content\/uploads\/2024\/07\/IMG-20240612-WA0005-4-768x576.jpg 768w, http:\/\/erasmus.aemigueltorga.pt\/wp-content\/uploads\/2024\/07\/IMG-20240612-WA0005-4-1536x1152.jpg 1536w, http:\/\/erasmus.aemigueltorga.pt\/wp-content\/uploads\/2024\/07\/IMG-20240612-WA0005-4.jpg 1600w\" sizes=\"auto, (max-width: 1024px) 100vw, 1024px\" \/><\/figure>\n<\/figure>\n\n\n\n<figure class=\"wp-block-gallery has-nested-images columns-default is-cropped wp-block-gallery-2 is-layout-flex wp-block-gallery-is-layout-flex\">\n<figure class=\"wp-block-image size-large\"><img loading=\"lazy\" decoding=\"async\" width=\"1024\" height=\"917\" data-id=\"1013\" src=\"http:\/\/erasmus.aemigueltorga.pt\/wp-content\/uploads\/2024\/07\/1-1-1024x917.jpg\" alt=\"\" class=\"wp-image-1013\" srcset=\"http:\/\/erasmus.aemigueltorga.pt\/wp-content\/uploads\/2024\/07\/1-1-1024x917.jpg 1024w, http:\/\/erasmus.aemigueltorga.pt\/wp-content\/uploads\/2024\/07\/1-1-300x269.jpg 300w, http:\/\/erasmus.aemigueltorga.pt\/wp-content\/uploads\/2024\/07\/1-1-768x688.jpg 768w, http:\/\/erasmus.aemigueltorga.pt\/wp-content\/uploads\/2024\/07\/1-1.jpg 1530w\" sizes=\"auto, (max-width: 1024px) 100vw, 1024px\" \/><\/figure>\n\n\n\n<figure class=\"wp-block-image size-large\"><img loading=\"lazy\" decoding=\"async\" width=\"1024\" height=\"902\" data-id=\"1014\" src=\"http:\/\/erasmus.aemigueltorga.pt\/wp-content\/uploads\/2024\/07\/2-1-1024x902.jpg\" alt=\"\" class=\"wp-image-1014\" srcset=\"http:\/\/erasmus.aemigueltorga.pt\/wp-content\/uploads\/2024\/07\/2-1-1024x902.jpg 1024w, http:\/\/erasmus.aemigueltorga.pt\/wp-content\/uploads\/2024\/07\/2-1-300x264.jpg 300w, http:\/\/erasmus.aemigueltorga.pt\/wp-content\/uploads\/2024\/07\/2-1-768x677.jpg 768w, http:\/\/erasmus.aemigueltorga.pt\/wp-content\/uploads\/2024\/07\/2-1-1536x1354.jpg 1536w, http:\/\/erasmus.aemigueltorga.pt\/wp-content\/uploads\/2024\/07\/2-1-2048x1805.jpg 2048w\" sizes=\"auto, (max-width: 1024px) 100vw, 1024px\" \/><\/figure>\n<\/figure>\n","protected":false},"excerpt":{"rendered":"<p>Curso: Innovative Approaches to Teaching &#8211;&nbsp; Praga &#8211; 10 a 14 de junho de 2024 1\u00ba Dia &#8211; 10 de junho 2\u00ba Dia &#8211; 11 de junho &#8211; a partir da proje\u00e7\u00e3o da imagem de um objeto, levar os participantes &hellip; <a href=\"http:\/\/erasmus.aemigueltorga.pt\/?page_id=935\">Continuar a ler <span class=\"meta-nav\">&rarr;<\/span><\/a><\/p>\n","protected":false},"author":2,"featured_media":0,"parent":0,"menu_order":0,"comment_status":"closed","ping_status":"closed","template":"","meta":{"footnotes":""},"class_list":["post-935","page","type-page","status-publish","hentry"],"_links":{"self":[{"href":"http:\/\/erasmus.aemigueltorga.pt\/index.php?rest_route=\/wp\/v2\/pages\/935","targetHints":{"allow":["GET"]}}],"collection":[{"href":"http:\/\/erasmus.aemigueltorga.pt\/index.php?rest_route=\/wp\/v2\/pages"}],"about":[{"href":"http:\/\/erasmus.aemigueltorga.pt\/index.php?rest_route=\/wp\/v2\/types\/page"}],"author":[{"embeddable":true,"href":"http:\/\/erasmus.aemigueltorga.pt\/index.php?rest_route=\/wp\/v2\/users\/2"}],"replies":[{"embeddable":true,"href":"http:\/\/erasmus.aemigueltorga.pt\/index.php?rest_route=%2Fwp%2Fv2%2Fcomments&post=935"}],"version-history":[{"count":4,"href":"http:\/\/erasmus.aemigueltorga.pt\/index.php?rest_route=\/wp\/v2\/pages\/935\/revisions"}],"predecessor-version":[{"id":1015,"href":"http:\/\/erasmus.aemigueltorga.pt\/index.php?rest_route=\/wp\/v2\/pages\/935\/revisions\/1015"}],"wp:attachment":[{"href":"http:\/\/erasmus.aemigueltorga.pt\/index.php?rest_route=%2Fwp%2Fv2%2Fmedia&parent=935"}],"curies":[{"name":"wp","href":"https:\/\/api.w.org\/{rel}","templated":true}]}}