{"id":962,"date":"2024-07-18T15:31:22","date_gmt":"2024-07-18T14:31:22","guid":{"rendered":"http:\/\/erasmus.aemigueltorga.pt\/?page_id=962"},"modified":"2024-07-18T16:58:03","modified_gmt":"2024-07-18T15:58:03","slug":"edumat","status":"publish","type":"page","link":"http:\/\/erasmus.aemigueltorga.pt\/?page_id=962","title":{"rendered":"EduMat+"},"content":{"rendered":"\n<p>O Agrupamento de Escolas Miguel Torga, Bragan\u00e7a, \u00e9 parceiro do projeto Erasmus+ KA220 EduMat+. Neste projeto de parcerias de coopera\u00e7\u00e3o no \u00e2mbito da Educa\u00e7\u00e3o Escolar, que \u00e9 coordenado pela organiza\u00e7\u00e3o CISL &#8211; Scuola e Formazione, Roma, It\u00e1lia, s\u00e3o tamb\u00e9m parceiros a Universit\u00e0 degli Studi di Roma La Sapienza, Roma, It\u00e1lia, a Pixel, Floren\u00e7a, It\u00e1lia, a EuroEd, Iasi, Rom\u00e9nia, a Esciencia Eventos Cientificos SL, Zaragoza, Espanha, e a Zinev Art Technologies, Sofia, Bulg\u00e1ria. Este projeto, direcionado ao 1\u00ba ciclo do ensino b\u00e1sico, tem como principais objetivos:<\/p>\n\n\n\n<p>&#8211; Fornecer apoio did\u00e1tico e metodol\u00f3gico aos professores do 1\u00ba ciclo para ensinar programa\u00e7\u00e3o e STEAM;<\/p>\n\n\n\n<p>&#8211; Usar programa\u00e7\u00e3o e STEAM como ferramentas inovadoras para apoiar e implementar o ensino das humanidades;<\/p>\n\n\n\n<p>&#8211; Desenvolver a ativa\u00e7\u00e3o de percursos digitais educativos nas escolas do 1\u00ba ciclo para que explorem t\u00f3picos selecionados da Agenda 2030 e das Humanidades.<\/p>\n\n\n\n<p><\/p>\n\n\n\n<figure class=\"wp-block-image size-large\"><a href=\"https:\/\/www.edumatproject.eu\/\"><img loading=\"lazy\" decoding=\"async\" width=\"1024\" height=\"436\" src=\"http:\/\/erasmus.aemigueltorga.pt\/wp-content\/uploads\/2024\/07\/EduMat_logo-1-1024x436.jpg\" alt=\"\" class=\"wp-image-977\" srcset=\"http:\/\/erasmus.aemigueltorga.pt\/wp-content\/uploads\/2024\/07\/EduMat_logo-1-1024x436.jpg 1024w, http:\/\/erasmus.aemigueltorga.pt\/wp-content\/uploads\/2024\/07\/EduMat_logo-1-300x128.jpg 300w, http:\/\/erasmus.aemigueltorga.pt\/wp-content\/uploads\/2024\/07\/EduMat_logo-1-768x327.jpg 768w, http:\/\/erasmus.aemigueltorga.pt\/wp-content\/uploads\/2024\/07\/EduMat_logo-1-1536x654.jpg 1536w, http:\/\/erasmus.aemigueltorga.pt\/wp-content\/uploads\/2024\/07\/EduMat_logo-1.jpg 1908w\" sizes=\"auto, (max-width: 1024px) 100vw, 1024px\" \/><\/a><\/figure>\n\n\n\n<p><\/p>\n","protected":false},"excerpt":{"rendered":"<p>O Agrupamento de Escolas Miguel Torga, Bragan\u00e7a, \u00e9 parceiro do projeto Erasmus+ KA220 EduMat+. Neste projeto de parcerias de coopera\u00e7\u00e3o no \u00e2mbito da Educa\u00e7\u00e3o Escolar, que \u00e9 coordenado pela organiza\u00e7\u00e3o CISL &#8211; Scuola e Formazione, Roma, It\u00e1lia, s\u00e3o tamb\u00e9m parceiros &hellip; <a href=\"http:\/\/erasmus.aemigueltorga.pt\/?page_id=962\">Continuar a ler <span class=\"meta-nav\">&rarr;<\/span><\/a><\/p>\n","protected":false},"author":2,"featured_media":0,"parent":0,"menu_order":0,"comment_status":"closed","ping_status":"closed","template":"","meta":{"footnotes":""},"class_list":["post-962","page","type-page","status-publish","hentry"],"_links":{"self":[{"href":"http:\/\/erasmus.aemigueltorga.pt\/index.php?rest_route=\/wp\/v2\/pages\/962","targetHints":{"allow":["GET"]}}],"collection":[{"href":"http:\/\/erasmus.aemigueltorga.pt\/index.php?rest_route=\/wp\/v2\/pages"}],"about":[{"href":"http:\/\/erasmus.aemigueltorga.pt\/index.php?rest_route=\/wp\/v2\/types\/page"}],"author":[{"embeddable":true,"href":"http:\/\/erasmus.aemigueltorga.pt\/index.php?rest_route=\/wp\/v2\/users\/2"}],"replies":[{"embeddable":true,"href":"http:\/\/erasmus.aemigueltorga.pt\/index.php?rest_route=%2Fwp%2Fv2%2Fcomments&post=962"}],"version-history":[{"count":13,"href":"http:\/\/erasmus.aemigueltorga.pt\/index.php?rest_route=\/wp\/v2\/pages\/962\/revisions"}],"predecessor-version":[{"id":983,"href":"http:\/\/erasmus.aemigueltorga.pt\/index.php?rest_route=\/wp\/v2\/pages\/962\/revisions\/983"}],"wp:attachment":[{"href":"http:\/\/erasmus.aemigueltorga.pt\/index.php?rest_route=%2Fwp%2Fv2%2Fmedia&parent=962"}],"curies":[{"name":"wp","href":"https:\/\/api.w.org\/{rel}","templated":true}]}}